{"id":12111,"date":"2016-05-17T09:53:05","date_gmt":"2016-05-17T09:53:05","guid":{"rendered":"http:\/\/mappingmedinadelcampo.com\/?page_id=12111"},"modified":"2016-12-16T12:38:05","modified_gmt":"2016-12-16T12:38:05","slug":"que-es-el-videomapping","status":"publish","type":"page","link":"https:\/\/mappingmedinadelcampo.com\/index.php\/que-es-el-videomapping\/","title":{"rendered":"Qu\u00e9 es el Videomapping?"},"content":{"rendered":"[spb_parallax parallax_type=\u00bbvideo\u00bb bg_type=\u00bbcover\u00bb bg_video_mp4=\u00bbhttp:\/\/mappingmedinadelcampo.com\/wp-content\/uploads\/2013\/10\/Factor\u00eda-del-Map\u00f3fono-Showreel.mp4&#8243; parallax_video_height=\u00bbwindow-height\u00bb parallax_video_overlay=\u00bbnone\u00bb parallax_image_height=\u00bbcontent-height\u00bb parallax_image_movement=\u00bbfixed\u00bb parallax_image_speed=\u00bb0.5&#8243; padding_horizontal=\u00bb20&#8243; alt_background=\u00bbnone\u00bb width=\u00bb1\/1&#8243; el_position=\u00bbfirst last\u00bb]\n<h1 style=\"text-align: center;\"><strong><span style=\"color: #ffffff;\">El VIDEOMAPPING<\/span><\/strong><\/h1>\n[\/spb_parallax] [fullwidth_text alt_background=\u00bbnone\u00bb width=\u00bb1\/1&#8243; el_position=\u00bbfirst last\u00bb]\n<blockquote>\n<p style=\"text-align: justify;\">\u00a0\u00a0\u00a0\u00a0\u00a0\u00a0\u00a0\u00a0\u00a0\u00a0\u00a0\u00a0\u00a0\u00a0<em>\u00a0 El Video Mapping 3D o Mapping projection es una innovadora t\u00e9cnica audiovisual que emplea la proyecci\u00f3n de animaciones dimensionales sobre superficies reales, transformando su apariencia, generando efectos \u00f3pticos de movimiento, textura luz y color.<\/em><\/p>\n<p style=\"text-align: justify;\"><em>Es creado por elementos 3D y trata de crear ilusiones \u00f3pticas y m\u00e1gicas sobre elementos arquitect\u00f3nicos o f\u00edsicos.<\/em><\/p>\n<p style=\"text-align: justify;\">\n<\/blockquote>\n<p>El videomapping ya exist\u00eda como forma de videoarte y limitado a superficies planas (sus inicios son de fotograf\u00eda,\u00a0 fot\u00f3grafos que recortaban gobos y \u00abproyectaban\u00bb im\u00e1genes fijas),\u00a0 pero la revoluci\u00f3n de la t\u00e9cnica vino m\u00e1s tarde y gracias a programas de creaci\u00f3n 3D se empez\u00f3 \u00a0a elaborar t\u00e9cnicas en 3D, volum\u00e9tricas y texturizadas, dicha t\u00e9cnica se introdujo en Europa desde Francia, que fueron los primeros en crear y acu\u00f1ar la palabra del VIDEOMAPPING 3Dy VIDEOPROJECTION 3D.<\/p>\n<p>En ese \u00e9poca Pixelover y Rodrigo Tamariz introdujeron el videomapping siendo unos de los pioneros en Espa\u00f1a trabajando con varias compa\u00f1\u00edas t\u00e9cnicas, m\u00e1s tarde Rodrigo Tamariz y como Factor\u00eda del Map\u00f3fono llevan el Mapping a Uruguay (dos premios a la mejor producci\u00f3n teatral 2012 y 2014) y a \u00c1frica occidental junto a Virginia Urdiales (invitados por la embajada espa\u00f1ola para hacer una muestra del trabajo) siendo tambi\u00e9n pioneros en ambas regiones. Actualmente Factor\u00eda del Map\u00f3fono cambia su nombre a su propio sello. \u00abRodrigo Tamariz Music &amp; Mapping \u00bb<\/p>\n<p>Actualmente Rodrigo Tamariz Music &amp; Mapping y AVSistemas trabajan y colaboran para crear espect\u00e1culos art\u00edsticos llenos de luz, magia y espectacularidad en diversas ramas, como festivales, arquitecturas, interiores, obras de teatro, espect\u00e1culos de calle, congresos, presentaciones de productos etc&#8230;<\/p>\n<p>&nbsp;<\/p>\n<h1 style=\"text-align: center;\"><a href=\"http:\/\/www.factoriadelmapofono.com\" target=\"_blank\">www.Rodrigotamariz.com<\/a><\/h1>\n[\/fullwidth_text]\n","protected":false},"excerpt":{"rendered":"<p>[spb_parallax parallax_type=\u00bbvideo\u00bb bg_type=\u00bbcover\u00bb bg_video_mp4=\u00bbhttp:\/\/mappingmedinadelcampo.com\/wp-content\/uploads\/2013\/10\/Factor\u00eda-del-Map\u00f3fono-Showreel.mp4&#8243; parallax_video_height=\u00bbwindow-height\u00bb parallax_video_overlay=\u00bbnone\u00bb parallax_image_height=\u00bbcontent-height\u00bb parallax_image_movement=\u00bbfixed\u00bb parallax_image_speed=\u00bb0.5&#8243; padding_horizontal=\u00bb20&#8243; alt_background=\u00bbnone\u00bb width=\u00bb1\/1&#8243; el_position=\u00bbfirst last\u00bb] El VIDEOMAPPING [\/spb_parallax] [fullwidth_text alt_background=\u00bbnone\u00bb width=\u00bb1\/1&#8243; el_position=\u00bbfirst last\u00bb] \u00a0\u00a0\u00a0\u00a0\u00a0\u00a0\u00a0\u00a0\u00a0\u00a0\u00a0\u00a0\u00a0\u00a0\u00a0 El Video Mapping 3D o Mapping projection es una innovadora t\u00e9cnica audiovisual que emplea la proyecci\u00f3n de animaciones dimensionales sobre superficies reales, transformando su apariencia, generando efectos \u00f3pticos de movimiento, textura luz y color. Es creado por [&hellip;]<\/p>\n","protected":false},"author":6,"featured_media":0,"parent":0,"menu_order":0,"comment_status":"closed","ping_status":"closed","template":"","meta":[],"_links":{"self":[{"href":"https:\/\/mappingmedinadelcampo.com\/index.php\/wp-json\/wp\/v2\/pages\/12111"}],"collection":[{"href":"https:\/\/mappingmedinadelcampo.com\/index.php\/wp-json\/wp\/v2\/pages"}],"about":[{"href":"https:\/\/mappingmedinadelcampo.com\/index.php\/wp-json\/wp\/v2\/types\/page"}],"author":[{"embeddable":true,"href":"https:\/\/mappingmedinadelcampo.com\/index.php\/wp-json\/wp\/v2\/users\/6"}],"replies":[{"embeddable":true,"href":"https:\/\/mappingmedinadelcampo.com\/index.php\/wp-json\/wp\/v2\/comments?post=12111"}],"version-history":[{"count":11,"href":"https:\/\/mappingmedinadelcampo.com\/index.php\/wp-json\/wp\/v2\/pages\/12111\/revisions"}],"predecessor-version":[{"id":12357,"href":"https:\/\/mappingmedinadelcampo.com\/index.php\/wp-json\/wp\/v2\/pages\/12111\/revisions\/12357"}],"wp:attachment":[{"href":"https:\/\/mappingmedinadelcampo.com\/index.php\/wp-json\/wp\/v2\/media?parent=12111"}],"curies":[{"name":"wp","href":"https:\/\/api.w.org\/{rel}","templated":true}]}}