{"id":6629,"date":"2013-03-04T11:31:41","date_gmt":"2013-03-04T11:31:41","guid":{"rendered":"http:\/\/themes.swiftpsd.com\/test\/flexform\/?page_id=6629"},"modified":"2020-08-18T07:21:04","modified_gmt":"2020-08-18T07:21:04","slug":"about-us-alt","status":"publish","type":"page","link":"https:\/\/mappingmedinadelcampo.com\/index.php\/pages\/about-us-alt\/","title":{"rendered":"Sobre Mapping Me!"},"content":{"rendered":"[blank_spacer height=\u00bb80px\u00bb width=\u00bb1\/1&#8243; el_position=\u00bbfirst last\u00bb] [sf_gallery gallery_id=\u00bb11099&#8243; slider_transition=\u00bbslide\u00bb show_thumbs=\u00bbno\u00bb autoplay=\u00bbyes\u00bb show_captions=\u00bbyes\u00bb enable_lightbox=\u00bbyes\u00bb width=\u00bb1\/2&#8243; el_position=\u00bbfirst\u00bb] [spb_text_block title=\u00bbBienvenido a Mapping Me!\u00bb pb_margin_bottom=\u00bbno\u00bb pb_border_bottom=\u00bbno\u00bb width=\u00bb1\/2&#8243; el_position=\u00bblast\u00bb]\n<p>El ayuntamiento de Medina del Campo junto a la direcci\u00f3n general del festival Rodrigo Tamariz Music &amp; Mapping y a la t\u00e9cnica de AV Sistemas Audiovisuales presenta el FESTIVAL DE NUEVAS TECNOLOG\u00cdAS APLIVADAS A LAS ARTES ESC\u00c9NICAS &#8211; MAPPING ME!, enmarcado dentro de la semana renacentista de Medina del Campo. (Agosto)<\/p>\n<p>Contar\u00e1 con puntos de encuentro, premios de ilustraci\u00f3n, premio a la trayectoria art\u00edstica, gala de inauguraci\u00f3n y mappings exclusivos.<\/p>\n<p>Con m\u00e1s de 10 compa\u00f1ias involucradas.<\/p>\n<p>Adem\u00e1s se imparten jornadas did\u00e1cticas, de Nuevas Tencolog\u00edas aplicadas a las artes esc\u00e9nicas, workshops sobre estas t\u00e9cnicas y con posibilidad de clases pr\u00e1cticas nocturnas.<\/p>\n<p>Mapping Me!, es una idea, una colaboraci\u00f3n entre la ciudad y el artista, es creaci\u00f3n y un punto de encuentro de estas nuevas tecnolog\u00edas junto con la danza, la m\u00fasica, el teatro y la exposivci\u00f3n muse\u00edstica y que actualmente es dif\u00edcil de concentrar.<\/p>\n<p>CONURSO ILUSTRAME- Videoarte para escolares.<br \/>\nEl Videomapping creado por elementos 3D trata de crear ilusiones \u00f3pticas y m\u00e1gicas sobre elementos arquitect\u00f3nicos o f\u00edsicos, es aqu\u00ed donde Medina del Campo participa activamente a trav\u00e9s de un concurso de dibujo y que se proyectar\u00e1 sobre el Ayuntamiento.<\/p>\n<p>El objetivo funcional, es dibujar a trav\u00e9s de una plantilla aportada por Rodrigo Tamariz y su programa mentor el Ayuntamiento de Medina del Campo y una vez realizada una selecci\u00f3n posterior de los dibujo\/ilustraciones (tem\u00e1tica seleccionada por el Ayuntamiento), el trabajo ser\u00e1 adecuar y crear el VideoMapping a trav\u00e9s de la mirada de los Medinenses. Podr\u00e1 existir uno o m\u00e1s trabajos ganadores y que tendr\u00e1n m\u00e1s \u00e9nfasis en la magia creada por el Videomapping.<\/p>\n<p>Adem\u00e1s gracias a todas las acciones del Programa Mentor que se realiza tanto por territorio regional\/nacional e internacional , el festival se nutre de alumnos, artistas y colaboradores que durante todo el a\u00f1o van aprendiendo o participando en la creaci\u00f3n de los espect\u00e1culos.<\/p>\n[\/spb_text_block] [fullwidth_text alt_background=\u00bbalt-four\u00bb el_class=\u00bbbt0 bb0 pt0 no-arrow\u00bb width=\u00bb1\/1&#8243; el_position=\u00bbfirst last\u00bb]\n<div class=\"one_fourth\">\n<p style=\"text-align: center;\"><div class=\"chart-shortcode chart-170 chart-center\" data-linewidth=\"5\" data-percent=\"0\" data-animatepercent=\"85\" data-size=\"170\" data-barcolor=\"#1dc6df\" data-trackcolor=\"#e4e4e4\"><span>5,000<\/span><\/div>\n<h6 style=\"text-align: center;\">Clicks de la p\u00e1gina.<\/h6>\n<\/div>\n<div class=\"one_fourth\">\n<p style=\"text-align: center;\"><div class=\"chart-shortcode chart-170 chart-center\" data-linewidth=\"5\" data-percent=\"0\" data-animatepercent=\"20\" data-size=\"170\" data-barcolor=\"#1dc6df\" data-trackcolor=\"#e4e4e4\"><span><i class=\"ss-view\"><\/i><\/span><\/div>\n<h6 style=\"text-align: center;\">P\u00e1ginas<\/h6>\n<\/div>\n<div class=\"one_fourth\">\n<p style=\"text-align: center;\"><div class=\"chart-shortcode chart-170 chart-center\" data-linewidth=\"5\" data-percent=\"0\" data-animatepercent=\"1%\" data-size=\"170\" data-barcolor=\"#1dc6df\" data-trackcolor=\"#e4e4e4\"><span><i class=\"ss-like\"><\/i><\/span><\/div>\n<h6 style=\"text-align: center;\">Dibujos recibidos.<\/h6>\n<\/div>\n<div class=\"one_fourth last\">\n<p style=\"text-align: center;\"><div class=\"chart-shortcode chart-170 chart-center\" data-linewidth=\"5\" data-percent=\"0\" data-animatepercent=\"95\" data-size=\"170\" data-barcolor=\"#1dc6df\" data-trackcolor=\"#e4e4e4\"><span>95%<\/span><\/div>\n<h6 style=\"text-align: center;\">Web actualizada.<\/h6>\n<\/div><div class=\"clearboth\"><\/div>\n[\/fullwidth_text] [blank_spacer height=\u00bb60px\u00bb width=\u00bb1\/1&#8243; el_position=\u00bbfirst last\u00bb] [spb_tabs tab_asset_title=\u00bbPor qu\u00e9 Mapping Me!?\u00bb width=\u00bb1\/3&#8243; el_position=\u00bbfirst\u00bb] [spb_tab title=\u00bbPara aprender\u00bb icon=\u00bb\u00bb id=\u00bb\u00bb] [spb_text_block pb_margin_bottom=\u00bbno\u00bb pb_border_bottom=\u00bbno\u00bb width=\u00bb1\/1&#8243; el_position=\u00bbfirst last\u00bb]\n<p>Para aprender y adquirir una peque\u00f1a iniciaci\u00f3n de la t\u00e9cnica del Videomapping, impartido por Rodrigo Tamariz Music&amp;Mapping pioneros en Espa\u00f1a de la t\u00e9cnica del Videomapping.<\/p>\n[\/spb_text_block] [\/spb_tab] [spb_tab title=\u00bbPara divertirse\u00bb icon=\u00bb\u00bb id=\u00bb\u00bb] [spb_text_block pb_margin_bottom=\u00bbno\u00bb pb_border_bottom=\u00bbno\u00bb width=\u00bb1\/1&#8243; el_position=\u00bbfirst last\u00bb]\n<p>Alguna vez pensaste en dibujar o en hacer un grafiti de tu ayuntamiento??? Ahora es tu oportunidad!, divi\u00e9rtete dibujando o creando un entorno para tu ayuntamiento!<\/p>\n[\/spb_text_block] [\/spb_tab] [spb_tab title=\u00bb\u00bb icon=\u00bb\u00bb id=\u00bb\u00bb] [\/spb_tab] [\/spb_tabs] [spb_accordion widget_title=\u00bbM\u00e1s sobre nosotros\u00bb width=\u00bb1\/3&#8243;] [spb_accordion_tab title=\u00bbQuienes somos\u00bb accordion_id=\u00bb\u00bb icon=\u00bb\u00bb] [spb_text_block pb_margin_bottom=\u00bbno\u00bb pb_border_bottom=\u00bbno\u00bb width=\u00bb1\/1&#8243; el_position=\u00bbfirst last\u00bb]\n<p>Somos un equipo de so\u00f1adores, creativos y m\u00fasicos, cuyo trabajo es crear Videoarte en forma de videomapping, pioneros de esta t\u00e9cnica y embajadores de ella en pa\u00edses como Uruguay,M\u00e9jico ,Ecuador, Colombia o Kenia. Con m\u00e1s de 50 espect\u00e1culos a nuestras espaldas , damos adem\u00e1s cursos y seminarios para que aprendas con nosotros!<\/p>\n[\/spb_text_block] [\/spb_accordion_tab] [spb_accordion_tab title=\u00bbQu\u00e9 hacemos\u00bb accordion_id=\u00bb\u00bb icon=\u00bb\u00bb] [spb_text_block pb_margin_bottom=\u00bbno\u00bb pb_border_bottom=\u00bbno\u00bb width=\u00bb1\/1&#8243; el_position=\u00bbfirst last\u00bb]\n<p>Damos cursos, seminarios, creamos espect\u00e1culos de luz y sonido, componemos m\u00fasica, en definitiva somos creadores!<\/p>\n[\/spb_text_block] [\/spb_accordion_tab] [spb_accordion_tab title=\u00bbPorqu\u00e9 hacemos Mapping Me!\u00bb accordion_id=\u00bb\u00bb icon=\u00bb\u00bb] [spb_text_block pb_margin_bottom=\u00bbno\u00bb pb_border_bottom=\u00bbno\u00bb width=\u00bb1\/1&#8243; el_position=\u00bbfirst last\u00bb]\n<p>Nuestra pasi\u00f3n tambi\u00e9n es aprender con vosotros, impartimos cursos y seminarios, pero esta vez el mapping lo har\u00e9is con nosotros! Medina del Campo ya estamos aqu\u00ed!!!<\/p>\n[\/spb_text_block] [\/spb_accordion_tab] [spb_accordion_tab title=\u00bbD\u00f3nde lo haremos?\u00bb accordion_id=\u00bb\u00bb icon=\u00bb\u00bb] [spb_text_block pb_margin_bottom=\u00bbno\u00bb pb_border_bottom=\u00bbno\u00bb width=\u00bb1\/1&#8243; el_position=\u00bbfirst last\u00bb]\n<p>Los cursos a\u00fan est\u00e1n por decidir su ubicaci\u00f3n. Ahora bien, el espect\u00e1culo final ser\u00e1 en la fachada del Ayuntamiento de\u00a0 Medina del Campo<\/p>\n[\/spb_text_block] [\/spb_accordion_tab] [\/spb_accordion] [spb_text_block title=\u00bbQu\u00e9 t\u00e9cnica es la mejor para el mapping?\u00bb pb_margin_bottom=\u00bbno\u00bb pb_border_bottom=\u00bbno\u00bb width=\u00bb1\/3&#8243; el_position=\u00bblast\u00bb]\n<div class=\"progress-bar-wrap progress-standard\">\n<div class=\"bar-text\"><span class=\"bar-name\">Ilustraci\u00f3n:<\/span> <span class=\"progress-value\" style=\"color:#1dc6df!important;\">70%<\/span><\/div>\n<div class=\"progress standard\">\n<div class=\"bar\" data-value=\"70\" style=\"background-color:#1dc6df!important;\">\n<\/div>\n<\/div>\n<\/div>\n\n<div class=\"progress-bar-wrap progress-standard\">\n<div class=\"bar-text\"><span class=\"bar-name\">Photoshop:<\/span> <span class=\"progress-value\" style=\"color:#1dc6df!important;\">80%<\/span><\/div>\n<div class=\"progress standard\">\n<div class=\"bar\" data-value=\"80\" style=\"background-color:#1dc6df!important;\">\n<\/div>\n<\/div>\n<\/div>\n\n<div class=\"progress-bar-wrap progress-standard\">\n<div class=\"bar-text\"><span class=\"bar-name\">After Effects:<\/span> <span class=\"progress-value\" style=\"color:#1dc6df!important;\">100%<\/span><\/div>\n<div class=\"progress standard\">\n<div class=\"bar\" data-value=\"100\" style=\"background-color:#1dc6df!important;\">\n<\/div>\n<\/div>\n<\/div>\n\n<div class=\"progress-bar-wrap progress-standard\">\n<div class=\"bar-text\"><span class=\"bar-name\">Animaci\u00f3n 3D:<\/span> <span class=\"progress-value\" style=\"color:#1dc6df!important;\">100%<\/span><\/div>\n<div class=\"progress standard\">\n<div class=\"bar\" data-value=\"100\" style=\"background-color:#1dc6df!important;\">\n<\/div>\n<\/div>\n<\/div>\n\n<div class=\"progress-bar-wrap progress-standard\">\n<div class=\"bar-text\"><span class=\"bar-name\">Animaci\u00f3n 2D:<\/span> <span class=\"progress-value\" style=\"color:#1dc6df!important;\">90%<\/span><\/div>\n<div class=\"progress standard\">\n<div class=\"bar\" data-value=\"90\" style=\"background-color:#1dc6df!important;\">\n<\/div>\n<\/div>\n<\/div>\n\n[\/spb_text_block] [blank_spacer height=\u00bb20px\u00bb width=\u00bb1\/1&#8243; el_position=\u00bbfirst last\u00bb] [testimonial_slider text_size=\u00bblarge\u00bb item_count=\u00bb6&#8243; order=\u00bbrand\u00bb category=\u00bbAll\u00bb autoplay=\u00bbyes\u00bb alt_background=\u00bbalt-four\u00bb el_class=\u00bbmt0 bt0 no-arrow\u00bb width=\u00bb1\/1&#8243; el_position=\u00bbfirst last\u00bb] [blank_spacer height=\u00bb20px\u00bb width=\u00bb1\/1&#8243; el_position=\u00bbfirst last\u00bb] [spb_text_block pb_margin_bottom=\u00bbno\u00bb pb_border_bottom=\u00bbno\u00bb width=\u00bb1\/1&#8243; el_position=\u00bbfirst last\u00bb]\n<h1 style=\"text-align: center;\">Somos Creadores, M\u00fasicos y Artistas.<\/h1>\n<p style=\"text-align: center;\">Nuestro equipo te ense\u00f1ar\u00e1 las posibilidades en los dos d\u00edas de Workshop, sobre el mapping y podr\u00e1s comprobar c\u00f3mo se hacen las producciones de Videomapping.<\/p>\n<p style=\"text-align: center;\"><a href=\"http:\/\/www.rodrigotamariz.com\" target=\"_blank\" rel=\"noopener noreferrer\">www.rodrigotamariz.com<\/a><\/p>\n<div class=\"horizontal-break\"> <\/div>\n[\/spb_text_block] [team_carousel category=\u00bbAll\u00bb excerpt_length=\u00bb16&#8243; profile_link=\u00bbyes\u00bb width=\u00bb1\/1&#8243; el_position=\u00bbfirst last\u00bb] [blank_spacer height=\u00bb23px\u00bb width=\u00bb1\/1&#8243; el_position=\u00bbfirst last\u00bb] [clients_featured category=\u00bbfeatured\u00bb alt_background=\u00bbalt-four\u00bb el_class=\u00bbbb0 mb0 no-shadow\u00bb width=\u00bb1\/1&#8243; el_position=\u00bbfirst last\u00bb]\n","protected":false},"excerpt":{"rendered":"<p>[blank_spacer height=\u00bb80px\u00bb width=\u00bb1\/1&#8243; el_position=\u00bbfirst last\u00bb] [sf_gallery gallery_id=\u00bb11099&#8243; slider_transition=\u00bbslide\u00bb show_thumbs=\u00bbno\u00bb autoplay=\u00bbyes\u00bb show_captions=\u00bbyes\u00bb enable_lightbox=\u00bbyes\u00bb width=\u00bb1\/2&#8243; el_position=\u00bbfirst\u00bb] [spb_text_block title=\u00bbBienvenido a Mapping Me!\u00bb pb_margin_bottom=\u00bbno\u00bb pb_border_bottom=\u00bbno\u00bb width=\u00bb1\/2&#8243; el_position=\u00bblast\u00bb] El ayuntamiento de Medina del Campo junto a la direcci\u00f3n general del festival Rodrigo Tamariz Music &amp; Mapping y a la t\u00e9cnica de AV Sistemas Audiovisuales presenta el FESTIVAL DE NUEVAS TECNOLOG\u00cdAS APLIVADAS A LAS ARTES ESC\u00c9NICAS [&hellip;]<\/p>\n","protected":false},"author":6,"featured_media":0,"parent":8266,"menu_order":0,"comment_status":"closed","ping_status":"closed","template":"","meta":[],"_links":{"self":[{"href":"https:\/\/mappingmedinadelcampo.com\/index.php\/wp-json\/wp\/v2\/pages\/6629"}],"collection":[{"href":"https:\/\/mappingmedinadelcampo.com\/index.php\/wp-json\/wp\/v2\/pages"}],"about":[{"href":"https:\/\/mappingmedinadelcampo.com\/index.php\/wp-json\/wp\/v2\/types\/page"}],"author":[{"embeddable":true,"href":"https:\/\/mappingmedinadelcampo.com\/index.php\/wp-json\/wp\/v2\/users\/6"}],"replies":[{"embeddable":true,"href":"https:\/\/mappingmedinadelcampo.com\/index.php\/wp-json\/wp\/v2\/comments?post=6629"}],"version-history":[{"count":19,"href":"https:\/\/mappingmedinadelcampo.com\/index.php\/wp-json\/wp\/v2\/pages\/6629\/revisions"}],"predecessor-version":[{"id":12724,"href":"https:\/\/mappingmedinadelcampo.com\/index.php\/wp-json\/wp\/v2\/pages\/6629\/revisions\/12724"}],"up":[{"embeddable":true,"href":"https:\/\/mappingmedinadelcampo.com\/index.php\/wp-json\/wp\/v2\/pages\/8266"}],"wp:attachment":[{"href":"https:\/\/mappingmedinadelcampo.com\/index.php\/wp-json\/wp\/v2\/media?parent=6629"}],"curies":[{"name":"wp","href":"https:\/\/api.w.org\/{rel}","templated":true}]}}